{"id":11,"date":"2025-12-04T12:49:20","date_gmt":"2025-12-04T12:49:20","guid":{"rendered":"https:\/\/arranzcarpinteriametalica.rkinformatika.online\/?page_id=11"},"modified":"2026-02-06T15:41:40","modified_gmt":"2026-02-06T15:41:40","slug":"servicios","status":"publish","type":"page","link":"https:\/\/arranzcarpinteriametalica.es\/en\/servicios\/","title":{"rendered":"Services"},"content":{"rendered":"<div data-elementor-type=\"wp-page\" data-elementor-id=\"11\" class=\"elementor elementor-11\" data-elementor-post-type=\"page\">\n\t\t\t\t<div class=\"elementor-element elementor-element-7ad5a63 e-flex e-con-boxed e-con e-parent\" data-id=\"7ad5a63\" data-element_type=\"container\" data-e-type=\"container\" data-settings=\"{&quot;background_background&quot;:&quot;classic&quot;,&quot;shape_divider_top&quot;:&quot;opacity-tilt&quot;,&quot;shape_divider_bottom&quot;:&quot;opacity-tilt&quot;}\">\n\t\t\t\t\t<div class=\"e-con-inner\">\n\t\t\t\t<div class=\"elementor-shape elementor-shape-top\" aria-hidden=\"true\" data-negative=\"false\">\n\t\t\t<svg xmlns=\"http:\/\/www.w3.org\/2000\/svg\" viewbox=\"0 0 2600 131.1\" preserveaspectratio=\"none\">\n\t<path class=\"elementor-shape-fill\" d=\"M0 0L2600 0 2600 69.1 0 0z\"\/>\n\t<path class=\"elementor-shape-fill\" style=\"opacity:0.5\" d=\"M0 0L2600 0 2600 69.1 0 69.1z\"\/>\n\t<path class=\"elementor-shape-fill\" style=\"opacity:0.25\" d=\"M2600 0L0 0 0 130.1 2600 69.1z\"\/>\n<\/svg>\t\t<\/div>\n\t\t\t\t<div class=\"elementor-shape elementor-shape-bottom\" aria-hidden=\"true\" data-negative=\"false\">\n\t\t\t<svg xmlns=\"http:\/\/www.w3.org\/2000\/svg\" viewbox=\"0 0 2600 131.1\" preserveaspectratio=\"none\">\n\t<path class=\"elementor-shape-fill\" d=\"M0 0L2600 0 2600 69.1 0 0z\"\/>\n\t<path class=\"elementor-shape-fill\" style=\"opacity:0.5\" d=\"M0 0L2600 0 2600 69.1 0 69.1z\"\/>\n\t<path class=\"elementor-shape-fill\" style=\"opacity:0.25\" d=\"M2600 0L0 0 0 130.1 2600 69.1z\"\/>\n<\/svg>\t\t<\/div>\n\t\t\t\t<div class=\"elementor-element elementor-element-76995f5 elementor-widget elementor-widget-heading\" data-id=\"76995f5\" data-element_type=\"widget\" data-e-type=\"widget\" data-settings=\"{&quot;_animation_tablet&quot;:&quot;bounce&quot;}\" data-widget_type=\"heading.default\">\n\t\t\t\t\t<h2 class=\"elementor-heading-title elementor-size-default\">Soluciones en carpinter\u00eda met\u00e1lica con precisi\u00f3n y durabilidad<\/h2>\t\t\t\t<\/div>\n\t\t\t\t\t<\/div>\n\t\t\t\t<\/div>\n\t\t<div class=\"elementor-element elementor-element-c4364b4 e-flex e-con-boxed e-con e-parent\" data-id=\"c4364b4\" data-element_type=\"container\" data-e-type=\"container\" data-settings=\"{&quot;background_background&quot;:&quot;classic&quot;}\">\n\t\t\t\t\t<div class=\"e-con-inner\">\n\t\t\t\t<div class=\"elementor-element elementor-element-960efd0 elementor-widget elementor-widget-heading\" data-id=\"960efd0\" data-element_type=\"widget\" data-e-type=\"widget\" data-widget_type=\"heading.default\">\n\t\t\t\t\t<h2 class=\"elementor-heading-title elementor-size-default\">Services<\/h2>\t\t\t\t<\/div>\n\t\t\t\t\t<\/div>\n\t\t\t\t<\/div>\n\t\t<div class=\"elementor-element elementor-element-bb3eb7a e-flex e-con-boxed e-con e-parent\" data-id=\"bb3eb7a\" data-element_type=\"container\" data-e-type=\"container\">\n\t\t\t\t\t<div class=\"e-con-inner\">\n\t\t<div class=\"elementor-element elementor-element-98a06e3 e-con-full e-flex e-con e-child\" data-id=\"98a06e3\" data-element_type=\"container\" data-e-type=\"container\">\n\t\t\t\t<div class=\"elementor-element elementor-element-79117b3 elementor-widget elementor-widget-heading\" data-id=\"79117b3\" data-element_type=\"widget\" data-e-type=\"widget\" data-widget_type=\"heading.default\">\n\t\t\t\t\t<h2 class=\"elementor-heading-title elementor-size-default\">Puertas <\/h2>\t\t\t\t<\/div>\n\t\t\t\t<div class=\"elementor-element elementor-element-884f8cb elementor-invisible elementor-widget elementor-widget-image\" data-id=\"884f8cb\" data-element_type=\"widget\" data-e-type=\"widget\" data-settings=\"{&quot;_animation&quot;:&quot;fadeInLeft&quot;}\" data-widget_type=\"image.default\">\n\t\t\t\t\t\t\t\t\t\t\t\t\t\t\t<img decoding=\"async\" src=\"https:\/\/arranzcarpinteriametalica.es\/wp-content\/uploads\/elementor\/thumbs\/16080-rir1kwekef8zhdm26jj7fwhldm10djg2tm2a9ncm1s.jpg\" title=\"16080\" alt=\"16080\" loading=\"lazy\" \/>\t\t\t\t\t\t\t\t\t\t\t\t\t\t\t<\/div>\n\t\t\t\t<div class=\"elementor-element elementor-element-15520eb elementor-widget elementor-widget-text-editor\" data-id=\"15520eb\" data-element_type=\"widget\" data-e-type=\"widget\" data-widget_type=\"text-editor.default\">\n\t\t\t\t\t\t\t\t\t<p>Fabricaci\u00f3n a medida de puertas resistentes y seguras, adaptadas a cada espacio y necesidad.<\/p>\t\t\t\t\t\t\t\t<\/div>\n\t\t\t\t<\/div>\n\t\t<div class=\"elementor-element elementor-element-36582c2 e-con-full e-flex e-con e-child\" data-id=\"36582c2\" data-element_type=\"container\" data-e-type=\"container\">\n\t\t\t\t<div class=\"elementor-element elementor-element-284136f elementor-invisible elementor-widget elementor-widget-image\" data-id=\"284136f\" data-element_type=\"widget\" data-e-type=\"widget\" data-settings=\"{&quot;_animation&quot;:&quot;fadeInRight&quot;}\" data-widget_type=\"image.default\">\n\t\t\t\t\t\t\t\t\t\t\t\t\t\t\t<img decoding=\"async\" src=\"https:\/\/arranzcarpinteriametalica.es\/wp-content\/uploads\/elementor\/thumbs\/1296-rir1o9nqw1uz32pxihy2vjw20bfcyhtgaa7x6cctr4.jpg\" title=\"1296\" alt=\"1296\" loading=\"lazy\" \/>\t\t\t\t\t\t\t\t\t\t\t\t\t\t\t<\/div>\n\t\t\t\t<div class=\"elementor-element elementor-element-c2a40f8 elementor-widget elementor-widget-heading\" data-id=\"c2a40f8\" data-element_type=\"widget\" data-e-type=\"widget\" data-widget_type=\"heading.default\">\n\t\t\t\t\t<h2 class=\"elementor-heading-title elementor-size-default\">Rejas<\/h2>\t\t\t\t<\/div>\n\t\t\t\t<div class=\"elementor-element elementor-element-ee0d739 elementor-widget elementor-widget-text-editor\" data-id=\"ee0d739\" data-element_type=\"widget\" data-e-type=\"widget\" data-widget_type=\"text-editor.default\">\n\t\t\t\t\t\t\t\t\t<p>Rejas met\u00e1licas funcionales y decorativas que aportan seguridad sin renunciar al dise\u00f1o.<\/p>\t\t\t\t\t\t\t\t<\/div>\n\t\t\t\t<\/div>\n\t\t<div class=\"elementor-element elementor-element-06a3755 e-con-full e-flex e-con e-child\" data-id=\"06a3755\" data-element_type=\"container\" data-e-type=\"container\">\n\t\t\t\t<div class=\"elementor-element elementor-element-1b55296 elementor-invisible elementor-widget elementor-widget-image\" data-id=\"1b55296\" data-element_type=\"widget\" data-e-type=\"widget\" data-settings=\"{&quot;_animation&quot;:&quot;fadeInLeft&quot;}\" data-widget_type=\"image.default\">\n\t\t\t\t\t\t\t\t\t\t\t\t\t\t\t<img decoding=\"async\" src=\"https:\/\/arranzcarpinteriametalica.es\/wp-content\/uploads\/elementor\/thumbs\/4810828-rir1wkkf9d85n2nr135fwggmwui2y8s3fdobsc1msg.jpg\" title=\"4810828\" alt=\"4810828\" loading=\"lazy\" \/>\t\t\t\t\t\t\t\t\t\t\t\t\t\t\t<\/div>\n\t\t\t\t<div class=\"elementor-element elementor-element-66ac76d elementor-widget elementor-widget-text-editor\" data-id=\"66ac76d\" data-element_type=\"widget\" data-e-type=\"widget\" data-widget_type=\"text-editor.default\">\n\t\t\t\t\t\t\t\t\t<p>Barandillas met\u00e1licas duraderas, con acabados modernos y m\u00e1xima seguridad.<\/p>\t\t\t\t\t\t\t\t<\/div>\n\t\t\t\t<div class=\"elementor-element elementor-element-cd9fe26 elementor-widget elementor-widget-heading\" data-id=\"cd9fe26\" data-element_type=\"widget\" data-e-type=\"widget\" data-widget_type=\"heading.default\">\n\t\t\t\t\t<h2 class=\"elementor-heading-title elementor-size-default\">Barandillas<\/h2>\t\t\t\t<\/div>\n\t\t\t\t<\/div>\n\t\t<div class=\"elementor-element elementor-element-31b4ea0 e-con-full e-flex e-con e-child\" data-id=\"31b4ea0\" data-element_type=\"container\" data-e-type=\"container\">\n\t\t\t\t<div class=\"elementor-element elementor-element-fda2f6d elementor-invisible elementor-widget elementor-widget-image\" data-id=\"fda2f6d\" data-element_type=\"widget\" data-e-type=\"widget\" data-settings=\"{&quot;_animation&quot;:&quot;fadeInRight&quot;}\" data-widget_type=\"image.default\">\n\t\t\t\t\t\t\t\t\t\t\t\t\t\t\t<img decoding=\"async\" src=\"https:\/\/arranzcarpinteriametalica.es\/wp-content\/uploads\/elementor\/thumbs\/2148106941-rir1szsj92bvghusx1hjwuyhj24snpkv9oat1fckgw.jpg\" title=\"2148106941\" alt=\"2148106941\" loading=\"lazy\" \/>\t\t\t\t\t\t\t\t\t\t\t\t\t\t\t<\/div>\n\t\t\t\t<div class=\"elementor-element elementor-element-aa23f74 elementor-widget elementor-widget-text-editor\" data-id=\"aa23f74\" data-element_type=\"widget\" data-e-type=\"widget\" data-widget_type=\"text-editor.default\">\n\t\t\t\t\t\t\t\t\t<p data-start=\"428\" data-end=\"536\">Escaleras met\u00e1licas a medida, firmes, pr\u00e1cticas y con un dise\u00f1o limpio y actual.<\/p>\t\t\t\t\t\t\t\t<\/div>\n\t\t\t\t<div class=\"elementor-element elementor-element-3fb9af0 elementor-widget elementor-widget-heading\" data-id=\"3fb9af0\" data-element_type=\"widget\" data-e-type=\"widget\" data-widget_type=\"heading.default\">\n\t\t\t\t\t<h2 class=\"elementor-heading-title elementor-size-default\">Escaleras<\/h2>\t\t\t\t<\/div>\n\t\t\t\t<\/div>\n\t\t<div class=\"elementor-element elementor-element-4dd65d2 e-con-full e-flex e-con e-child\" data-id=\"4dd65d2\" data-element_type=\"container\" data-e-type=\"container\">\n\t\t\t\t<div class=\"elementor-element elementor-element-9222533 elementor-invisible elementor-widget elementor-widget-image\" data-id=\"9222533\" data-element_type=\"widget\" data-e-type=\"widget\" data-settings=\"{&quot;_animation&quot;:&quot;fadeInUp&quot;}\" data-widget_type=\"image.default\">\n\t\t\t\t\t\t\t\t\t\t\t\t\t\t\t<img decoding=\"async\" src=\"https:\/\/arranzcarpinteriametalica.es\/wp-content\/uploads\/elementor\/thumbs\/910-rir41twv04zlx8fovzeicglknzp6mmhuds22u3hpcw.jpg\" title=\"910\" alt=\"910\" loading=\"lazy\" \/>\t\t\t\t\t\t\t\t\t\t\t\t\t\t\t<\/div>\n\t\t\t\t<div class=\"elementor-element elementor-element-e935bbc elementor-widget elementor-widget-heading\" data-id=\"e935bbc\" data-element_type=\"widget\" data-e-type=\"widget\" data-widget_type=\"heading.default\">\n\t\t\t\t\t<h2 class=\"elementor-heading-title elementor-size-default\">Estructuras met\u00e1licas<\/h2>\t\t\t\t<\/div>\n\t\t\t\t<div class=\"elementor-element elementor-element-f341f12 elementor-widget elementor-widget-text-editor\" data-id=\"f341f12\" data-element_type=\"widget\" data-e-type=\"widget\" data-widget_type=\"text-editor.default\">\n\t\t\t\t\t\t\t\t\t<p data-start=\"540\" data-end=\"664\">Dise\u00f1o y montaje de estructuras met\u00e1licas s\u00f3lidas para proyectos industriales y residenciales.<\/p><p data-start=\"666\" data-end=\"761\" data-is-last-node=\"\" data-is-only-node=\"\">\u00a0<\/p>\t\t\t\t\t\t\t\t<\/div>\n\t\t\t\t<\/div>\n\t\t\t\t\t<\/div>\n\t\t\t\t<\/div>\n\t\t<div class=\"elementor-element elementor-element-658f734 e-flex e-con-boxed e-con e-parent\" data-id=\"658f734\" data-element_type=\"container\" data-e-type=\"container\" data-settings=\"{&quot;background_background&quot;:&quot;classic&quot;,&quot;shape_divider_top&quot;:&quot;opacity-tilt&quot;}\">\n\t\t\t\t\t<div class=\"e-con-inner\">\n\t\t\t\t<div class=\"elementor-shape elementor-shape-top\" aria-hidden=\"true\" data-negative=\"false\">\n\t\t\t<svg xmlns=\"http:\/\/www.w3.org\/2000\/svg\" viewbox=\"0 0 2600 131.1\" preserveaspectratio=\"none\">\n\t<path class=\"elementor-shape-fill\" d=\"M0 0L2600 0 2600 69.1 0 0z\"\/>\n\t<path class=\"elementor-shape-fill\" style=\"opacity:0.5\" d=\"M0 0L2600 0 2600 69.1 0 69.1z\"\/>\n\t<path class=\"elementor-shape-fill\" style=\"opacity:0.25\" d=\"M2600 0L0 0 0 130.1 2600 69.1z\"\/>\n<\/svg>\t\t<\/div>\n\t\t\t\t<div class=\"elementor-element elementor-element-ec47501 elementor-invisible elementor-widget elementor-widget-heading\" data-id=\"ec47501\" data-element_type=\"widget\" data-e-type=\"widget\" data-settings=\"{&quot;_animation&quot;:&quot;bounce&quot;}\" data-widget_type=\"heading.default\">\n\t\t\t\t\t<h2 class=\"elementor-heading-title elementor-size-default\">Solicita tu presupuesto sin compromiso<\/h2>\t\t\t\t<\/div>\n\t\t\t\t<div class=\"elementor-element elementor-element-14225a7 elementor-align-center elementor-invisible elementor-widget elementor-widget-button\" data-id=\"14225a7\" data-element_type=\"widget\" data-e-type=\"widget\" data-settings=\"{&quot;_animation&quot;:&quot;fadeInDown&quot;}\" data-widget_type=\"button.default\">\n\t\t\t\t\t\t\t\t\t\t<a class=\"elementor-button elementor-button-link elementor-size-sm\" href=\"\/en\/contacto\/\">\n\t\t\t\t\t\t<span class=\"elementor-button-content-wrapper\">\n\t\t\t\t\t\t<span class=\"elementor-button-icon\">\n\t\t\t\t<svg aria-hidden=\"true\" class=\"e-font-icon-svg e-fas-mouse-pointer\" viewbox=\"0 0 320 512\" xmlns=\"http:\/\/www.w3.org\/2000\/svg\"><path d=\"M302.189 329.126H196.105l55.831 135.993c3.889 9.428-.555 19.999-9.444 23.999l-49.165 21.427c-9.165 4-19.443-.571-23.332-9.714l-53.053-129.136-86.664 89.138C18.729 472.71 0 463.554 0 447.977V18.299C0 1.899 19.921-6.096 30.277 5.443l284.412 292.542c11.472 11.179 3.007 31.141-12.5 31.141z\"><\/path><\/svg>\t\t\t<\/span>\n\t\t\t\t\t\t\t\t\t<span class=\"elementor-button-text\">Ir a contacto<\/span>\n\t\t\t\t\t<\/span>\n\t\t\t\t\t<\/a>\n\t\t\t\t\t\t\t\t<\/div>\n\t\t\t\t\t<\/div>\n\t\t\t\t<\/div>\n\t\t\t\t<\/div>","protected":false},"excerpt":{"rendered":"<p>Soluciones en carpinter\u00eda met\u00e1lica con precisi\u00f3n y durabilidad Servicios Puertas Fabricaci\u00f3n a medida de puertas resistentes y seguras, adaptadas a cada espacio y necesidad. Rejas Rejas met\u00e1licas funcionales y decorativas que aportan seguridad sin renunciar al dise\u00f1o. Barandillas met\u00e1licas duraderas, con acabados modernos y m\u00e1xima seguridad. Barandillas Escaleras met\u00e1licas a medida, firmes, pr\u00e1cticas y con [&hellip;]<\/p>\n","protected":false},"author":1,"featured_media":0,"parent":0,"menu_order":0,"comment_status":"closed","ping_status":"closed","template":"elementor_canvas","meta":{"footnotes":""},"class_list":["post-11","page","type-page","status-publish","hentry"],"yoast_head":"<!-- This site is optimized with the Yoast SEO plugin v27.3 - https:\/\/yoast.com\/product\/yoast-seo-wordpress\/ -->\n<title>Servicios - Arranz Carpinter\u00eda Met\u00e1lica<\/title>\n<meta name=\"robots\" content=\"index, follow, max-snippet:-1, max-image-preview:large, max-video-preview:-1\" \/>\n<link rel=\"canonical\" href=\"https:\/\/arranzcarpinteriametalica.es\/en\/servicios\/\" \/>\n<meta property=\"og:locale\" content=\"en_US\" \/>\n<meta property=\"og:type\" content=\"article\" \/>\n<meta property=\"og:title\" content=\"Servicios - Arranz Carpinter\u00eda Met\u00e1lica\" \/>\n<meta property=\"og:description\" content=\"Soluciones en carpinter\u00eda met\u00e1lica con precisi\u00f3n y durabilidad Servicios Puertas Fabricaci\u00f3n a medida de puertas resistentes y seguras, adaptadas a cada espacio y necesidad. Rejas Rejas met\u00e1licas funcionales y decorativas que aportan seguridad sin renunciar al dise\u00f1o. Barandillas met\u00e1licas duraderas, con acabados modernos y m\u00e1xima seguridad. Barandillas Escaleras met\u00e1licas a medida, firmes, pr\u00e1cticas y con [&hellip;]\" \/>\n<meta property=\"og:url\" content=\"https:\/\/arranzcarpinteriametalica.es\/en\/servicios\/\" \/>\n<meta property=\"og:site_name\" content=\"Arranz Carpinter\u00eda Met\u00e1lica\" \/>\n<meta property=\"article:modified_time\" content=\"2026-02-06T15:41:40+00:00\" \/>\n<meta property=\"og:image\" content=\"https:\/\/arranzcarpinteriametalica.es\/wp-content\/uploads\/elementor\/thumbs\/16080-rir1kwekef8zhdm26jj7fwhldm10djg2tm2a9ncm1s.jpg\" \/>\n<meta name=\"twitter:card\" content=\"summary_large_image\" \/>\n<meta name=\"twitter:label1\" content=\"Est. reading time\" \/>\n\t<meta name=\"twitter:data1\" content=\"1 minute\" \/>\n<script type=\"application\/ld+json\" class=\"yoast-schema-graph\">{\"@context\":\"https:\\\/\\\/schema.org\",\"@graph\":[{\"@type\":\"WebPage\",\"@id\":\"https:\\\/\\\/arranzcarpinteriametalica.es\\\/servicios\\\/\",\"url\":\"https:\\\/\\\/arranzcarpinteriametalica.es\\\/servicios\\\/\",\"name\":\"Servicios - Arranz Carpinter\u00eda Met\u00e1lica\",\"isPartOf\":{\"@id\":\"https:\\\/\\\/arranzcarpinteriametalica.es\\\/#website\"},\"primaryImageOfPage\":{\"@id\":\"https:\\\/\\\/arranzcarpinteriametalica.es\\\/servicios\\\/#primaryimage\"},\"image\":{\"@id\":\"https:\\\/\\\/arranzcarpinteriametalica.es\\\/servicios\\\/#primaryimage\"},\"thumbnailUrl\":\"https:\\\/\\\/arranzcarpinteriametalica.es\\\/wp-content\\\/uploads\\\/elementor\\\/thumbs\\\/16080-rir1kwekef8zhdm26jj7fwhldm10djg2tm2a9ncm1s.jpg\",\"datePublished\":\"2025-12-04T12:49:20+00:00\",\"dateModified\":\"2026-02-06T15:41:40+00:00\",\"breadcrumb\":{\"@id\":\"https:\\\/\\\/arranzcarpinteriametalica.es\\\/servicios\\\/#breadcrumb\"},\"inLanguage\":\"en-US\",\"potentialAction\":[{\"@type\":\"ReadAction\",\"target\":[\"https:\\\/\\\/arranzcarpinteriametalica.es\\\/servicios\\\/\"]}]},{\"@type\":\"ImageObject\",\"inLanguage\":\"en-US\",\"@id\":\"https:\\\/\\\/arranzcarpinteriametalica.es\\\/servicios\\\/#primaryimage\",\"url\":\"https:\\\/\\\/arranzcarpinteriametalica.es\\\/wp-content\\\/uploads\\\/elementor\\\/thumbs\\\/16080-rir1kwekef8zhdm26jj7fwhldm10djg2tm2a9ncm1s.jpg\",\"contentUrl\":\"https:\\\/\\\/arranzcarpinteriametalica.es\\\/wp-content\\\/uploads\\\/elementor\\\/thumbs\\\/16080-rir1kwekef8zhdm26jj7fwhldm10djg2tm2a9ncm1s.jpg\"},{\"@type\":\"BreadcrumbList\",\"@id\":\"https:\\\/\\\/arranzcarpinteriametalica.es\\\/servicios\\\/#breadcrumb\",\"itemListElement\":[{\"@type\":\"ListItem\",\"position\":1,\"name\":\"Portada\",\"item\":\"https:\\\/\\\/arranzcarpinteriametalica.es\\\/\"},{\"@type\":\"ListItem\",\"position\":2,\"name\":\"Servicios\"}]},{\"@type\":\"WebSite\",\"@id\":\"https:\\\/\\\/arranzcarpinteriametalica.es\\\/#website\",\"url\":\"https:\\\/\\\/arranzcarpinteriametalica.es\\\/\",\"name\":\"Arranz Carpinter\u00eda Met\u00e1lica\",\"description\":\"\",\"publisher\":{\"@id\":\"https:\\\/\\\/arranzcarpinteriametalica.es\\\/#organization\"},\"potentialAction\":[{\"@type\":\"SearchAction\",\"target\":{\"@type\":\"EntryPoint\",\"urlTemplate\":\"https:\\\/\\\/arranzcarpinteriametalica.es\\\/?s={search_term_string}\"},\"query-input\":{\"@type\":\"PropertyValueSpecification\",\"valueRequired\":true,\"valueName\":\"search_term_string\"}}],\"inLanguage\":\"en-US\"},{\"@type\":\"Organization\",\"@id\":\"https:\\\/\\\/arranzcarpinteriametalica.es\\\/#organization\",\"name\":\"Arranz Carpinter\u00eda Met\u00e1lica\",\"url\":\"https:\\\/\\\/arranzcarpinteriametalica.es\\\/\",\"logo\":{\"@type\":\"ImageObject\",\"inLanguage\":\"en-US\",\"@id\":\"https:\\\/\\\/arranzcarpinteriametalica.es\\\/#\\\/schema\\\/logo\\\/image\\\/\",\"url\":\"https:\\\/\\\/arranzcarpinteriametalica.es\\\/wp-content\\\/uploads\\\/2026\\\/02\\\/cropped-danielarranzgarcia202512_logo_web.png\",\"contentUrl\":\"https:\\\/\\\/arranzcarpinteriametalica.es\\\/wp-content\\\/uploads\\\/2026\\\/02\\\/cropped-danielarranzgarcia202512_logo_web.png\",\"width\":1079,\"height\":337,\"caption\":\"Arranz Carpinter\u00eda Met\u00e1lica\"},\"image\":{\"@id\":\"https:\\\/\\\/arranzcarpinteriametalica.es\\\/#\\\/schema\\\/logo\\\/image\\\/\"}}]}<\/script>\n<!-- \/ Yoast SEO plugin. -->","yoast_head_json":{"title":"Servicios - Arranz Carpinter\u00eda Met\u00e1lica","robots":{"index":"index","follow":"follow","max-snippet":"max-snippet:-1","max-image-preview":"max-image-preview:large","max-video-preview":"max-video-preview:-1"},"canonical":"https:\/\/arranzcarpinteriametalica.es\/en\/servicios\/","og_locale":"en_US","og_type":"article","og_title":"Servicios - Arranz Carpinter\u00eda Met\u00e1lica","og_description":"Soluciones en carpinter\u00eda met\u00e1lica con precisi\u00f3n y durabilidad Servicios Puertas Fabricaci\u00f3n a medida de puertas resistentes y seguras, adaptadas a cada espacio y necesidad. Rejas Rejas met\u00e1licas funcionales y decorativas que aportan seguridad sin renunciar al dise\u00f1o. Barandillas met\u00e1licas duraderas, con acabados modernos y m\u00e1xima seguridad. Barandillas Escaleras met\u00e1licas a medida, firmes, pr\u00e1cticas y con [&hellip;]","og_url":"https:\/\/arranzcarpinteriametalica.es\/en\/servicios\/","og_site_name":"Arranz Carpinter\u00eda Met\u00e1lica","article_modified_time":"2026-02-06T15:41:40+00:00","og_image":[{"url":"https:\/\/arranzcarpinteriametalica.es\/wp-content\/uploads\/elementor\/thumbs\/16080-rir1kwekef8zhdm26jj7fwhldm10djg2tm2a9ncm1s.jpg","type":"","width":"","height":""}],"twitter_card":"summary_large_image","twitter_misc":{"Est. reading time":"1 minute"},"schema":{"@context":"https:\/\/schema.org","@graph":[{"@type":"WebPage","@id":"https:\/\/arranzcarpinteriametalica.es\/servicios\/","url":"https:\/\/arranzcarpinteriametalica.es\/servicios\/","name":"Servicios - Arranz Carpinter\u00eda Met\u00e1lica","isPartOf":{"@id":"https:\/\/arranzcarpinteriametalica.es\/#website"},"primaryImageOfPage":{"@id":"https:\/\/arranzcarpinteriametalica.es\/servicios\/#primaryimage"},"image":{"@id":"https:\/\/arranzcarpinteriametalica.es\/servicios\/#primaryimage"},"thumbnailUrl":"https:\/\/arranzcarpinteriametalica.es\/wp-content\/uploads\/elementor\/thumbs\/16080-rir1kwekef8zhdm26jj7fwhldm10djg2tm2a9ncm1s.jpg","datePublished":"2025-12-04T12:49:20+00:00","dateModified":"2026-02-06T15:41:40+00:00","breadcrumb":{"@id":"https:\/\/arranzcarpinteriametalica.es\/servicios\/#breadcrumb"},"inLanguage":"en-US","potentialAction":[{"@type":"ReadAction","target":["https:\/\/arranzcarpinteriametalica.es\/servicios\/"]}]},{"@type":"ImageObject","inLanguage":"en-US","@id":"https:\/\/arranzcarpinteriametalica.es\/servicios\/#primaryimage","url":"https:\/\/arranzcarpinteriametalica.es\/wp-content\/uploads\/elementor\/thumbs\/16080-rir1kwekef8zhdm26jj7fwhldm10djg2tm2a9ncm1s.jpg","contentUrl":"https:\/\/arranzcarpinteriametalica.es\/wp-content\/uploads\/elementor\/thumbs\/16080-rir1kwekef8zhdm26jj7fwhldm10djg2tm2a9ncm1s.jpg"},{"@type":"BreadcrumbList","@id":"https:\/\/arranzcarpinteriametalica.es\/servicios\/#breadcrumb","itemListElement":[{"@type":"ListItem","position":1,"name":"Portada","item":"https:\/\/arranzcarpinteriametalica.es\/"},{"@type":"ListItem","position":2,"name":"Servicios"}]},{"@type":"WebSite","@id":"https:\/\/arranzcarpinteriametalica.es\/#website","url":"https:\/\/arranzcarpinteriametalica.es\/","name":"Arranz Carpinter\u00eda Met\u00e1lica","description":"","publisher":{"@id":"https:\/\/arranzcarpinteriametalica.es\/#organization"},"potentialAction":[{"@type":"SearchAction","target":{"@type":"EntryPoint","urlTemplate":"https:\/\/arranzcarpinteriametalica.es\/?s={search_term_string}"},"query-input":{"@type":"PropertyValueSpecification","valueRequired":true,"valueName":"search_term_string"}}],"inLanguage":"en-US"},{"@type":"Organization","@id":"https:\/\/arranzcarpinteriametalica.es\/#organization","name":"Arranz Carpinter\u00eda Met\u00e1lica","url":"https:\/\/arranzcarpinteriametalica.es\/","logo":{"@type":"ImageObject","inLanguage":"en-US","@id":"https:\/\/arranzcarpinteriametalica.es\/#\/schema\/logo\/image\/","url":"https:\/\/arranzcarpinteriametalica.es\/wp-content\/uploads\/2026\/02\/cropped-danielarranzgarcia202512_logo_web.png","contentUrl":"https:\/\/arranzcarpinteriametalica.es\/wp-content\/uploads\/2026\/02\/cropped-danielarranzgarcia202512_logo_web.png","width":1079,"height":337,"caption":"Arranz Carpinter\u00eda Met\u00e1lica"},"image":{"@id":"https:\/\/arranzcarpinteriametalica.es\/#\/schema\/logo\/image\/"}}]}},"_links":{"self":[{"href":"https:\/\/arranzcarpinteriametalica.es\/en\/wp-json\/wp\/v2\/pages\/11","targetHints":{"allow":["GET"]}}],"collection":[{"href":"https:\/\/arranzcarpinteriametalica.es\/en\/wp-json\/wp\/v2\/pages"}],"about":[{"href":"https:\/\/arranzcarpinteriametalica.es\/en\/wp-json\/wp\/v2\/types\/page"}],"author":[{"embeddable":true,"href":"https:\/\/arranzcarpinteriametalica.es\/en\/wp-json\/wp\/v2\/users\/1"}],"replies":[{"embeddable":true,"href":"https:\/\/arranzcarpinteriametalica.es\/en\/wp-json\/wp\/v2\/comments?post=11"}],"version-history":[{"count":46,"href":"https:\/\/arranzcarpinteriametalica.es\/en\/wp-json\/wp\/v2\/pages\/11\/revisions"}],"predecessor-version":[{"id":286,"href":"https:\/\/arranzcarpinteriametalica.es\/en\/wp-json\/wp\/v2\/pages\/11\/revisions\/286"}],"wp:attachment":[{"href":"https:\/\/arranzcarpinteriametalica.es\/en\/wp-json\/wp\/v2\/media?parent=11"}],"curies":[{"name":"wp","href":"https:\/\/api.w.org\/{rel}","templated":true}]}}