{"id":2,"date":"2025-12-04T12:14:33","date_gmt":"2025-12-04T12:14:33","guid":{"rendered":"https:\/\/arranzcarpinteriametalica.rkinformatika.online\/?page_id=2"},"modified":"2026-02-06T15:35:46","modified_gmt":"2026-02-06T15:35:46","slug":"inicio","status":"publish","type":"page","link":"https:\/\/arranzcarpinteriametalica.es\/en\/","title":{"rendered":"Home"},"content":{"rendered":"<div data-elementor-type=\"wp-page\" data-elementor-id=\"2\" class=\"elementor elementor-2\" data-elementor-post-type=\"page\">\n\t\t\t\t<div class=\"elementor-element elementor-element-8d1de68 e-flex e-con-boxed e-con e-parent\" data-id=\"8d1de68\" data-element_type=\"container\" data-e-type=\"container\" data-settings=\"{&quot;background_background&quot;:&quot;classic&quot;,&quot;shape_divider_top&quot;:&quot;opacity-tilt&quot;,&quot;shape_divider_bottom&quot;:&quot;opacity-tilt&quot;}\">\n\t\t\t\t\t<div class=\"e-con-inner\">\n\t\t\t\t<div class=\"elementor-shape elementor-shape-top\" aria-hidden=\"true\" data-negative=\"false\">\n\t\t\t<svg xmlns=\"http:\/\/www.w3.org\/2000\/svg\" viewbox=\"0 0 2600 131.1\" preserveaspectratio=\"none\">\n\t<path class=\"elementor-shape-fill\" d=\"M0 0L2600 0 2600 69.1 0 0z\"\/>\n\t<path class=\"elementor-shape-fill\" style=\"opacity:0.5\" d=\"M0 0L2600 0 2600 69.1 0 69.1z\"\/>\n\t<path class=\"elementor-shape-fill\" style=\"opacity:0.25\" d=\"M2600 0L0 0 0 130.1 2600 69.1z\"\/>\n<\/svg>\t\t<\/div>\n\t\t\t\t<div class=\"elementor-shape elementor-shape-bottom\" aria-hidden=\"true\" data-negative=\"false\">\n\t\t\t<svg xmlns=\"http:\/\/www.w3.org\/2000\/svg\" viewbox=\"0 0 2600 131.1\" preserveaspectratio=\"none\">\n\t<path class=\"elementor-shape-fill\" d=\"M0 0L2600 0 2600 69.1 0 0z\"\/>\n\t<path class=\"elementor-shape-fill\" style=\"opacity:0.5\" d=\"M0 0L2600 0 2600 69.1 0 69.1z\"\/>\n\t<path class=\"elementor-shape-fill\" style=\"opacity:0.25\" d=\"M2600 0L0 0 0 130.1 2600 69.1z\"\/>\n<\/svg>\t\t<\/div>\n\t\t\t\t<div class=\"elementor-element elementor-element-9ee2451 elementor-invisible elementor-widget elementor-widget-heading\" data-id=\"9ee2451\" data-element_type=\"widget\" data-e-type=\"widget\" data-settings=\"{&quot;_animation&quot;:&quot;bounce&quot;}\" data-widget_type=\"heading.default\">\n\t\t\t\t\t<h2 class=\"elementor-heading-title elementor-size-default\">Daniel Arranz Garc\u00eda<\/h2>\t\t\t\t<\/div>\n\t\t\t\t<div class=\"elementor-element elementor-element-f6f1ba8 elementor-invisible elementor-widget elementor-widget-heading\" data-id=\"f6f1ba8\" data-element_type=\"widget\" data-e-type=\"widget\" data-settings=\"{&quot;_animation&quot;:&quot;fadeIn&quot;}\" data-widget_type=\"heading.default\">\n\t\t\t\t\t<h2 class=\"elementor-heading-title elementor-size-default\">Solidity, precision and quality in every project<\/h2>\t\t\t\t<\/div>\n\t\t\t\t\t<\/div>\n\t\t\t\t<\/div>\n\t\t<div class=\"elementor-element elementor-element-1817381 e-flex e-con-boxed e-con e-parent\" data-id=\"1817381\" data-element_type=\"container\" data-e-type=\"container\">\n\t\t\t\t\t<div class=\"e-con-inner\">\n\t\t<div class=\"elementor-element elementor-element-4033357 e-con-full e-flex e-con e-child\" data-id=\"4033357\" data-element_type=\"container\" data-e-type=\"container\">\n\t\t\t\t<div class=\"elementor-element elementor-element-f2d0399 elementor-invisible elementor-widget elementor-widget-image\" data-id=\"f2d0399\" data-element_type=\"widget\" data-e-type=\"widget\" data-settings=\"{&quot;_animation&quot;:&quot;fadeInRight&quot;}\" data-widget_type=\"image.default\">\n\t\t\t\t\t\t\t\t\t\t\t\t\t\t\t<img fetchpriority=\"high\" decoding=\"async\" width=\"2560\" height=\"1440\" src=\"https:\/\/arranzcarpinteriametalica.es\/wp-content\/uploads\/2026\/02\/564-1-scaled.jpg\" class=\"attachment-full size-full wp-image-221\" alt=\"\" srcset=\"https:\/\/arranzcarpinteriametalica.es\/wp-content\/uploads\/2026\/02\/564-1-scaled.jpg 2560w, https:\/\/arranzcarpinteriametalica.es\/wp-content\/uploads\/2026\/02\/564-1-300x169.jpg 300w, https:\/\/arranzcarpinteriametalica.es\/wp-content\/uploads\/2026\/02\/564-1-1024x576.jpg 1024w, https:\/\/arranzcarpinteriametalica.es\/wp-content\/uploads\/2026\/02\/564-1-768x432.jpg 768w, https:\/\/arranzcarpinteriametalica.es\/wp-content\/uploads\/2026\/02\/564-1-1536x864.jpg 1536w, https:\/\/arranzcarpinteriametalica.es\/wp-content\/uploads\/2026\/02\/564-1-2048x1152.jpg 2048w, https:\/\/arranzcarpinteriametalica.es\/wp-content\/uploads\/2026\/02\/564-1-18x10.jpg 18w\" sizes=\"(max-width: 2560px) 100vw, 2560px\" \/>\t\t\t\t\t\t\t\t\t\t\t\t\t\t\t<\/div>\n\t\t\t\t<\/div>\n\t\t<div class=\"elementor-element elementor-element-28f456e e-con-full e-flex elementor-invisible e-con e-child\" data-id=\"28f456e\" data-element_type=\"container\" data-e-type=\"container\" data-settings=\"{&quot;animation&quot;:&quot;fadeInLeft&quot;}\">\n\t\t\t\t<div class=\"elementor-element elementor-element-a27b290 elementor-widget elementor-widget-heading\" data-id=\"a27b290\" data-element_type=\"widget\" data-e-type=\"widget\" data-widget_type=\"heading.default\">\n\t\t\t\t\t<h2 class=\"elementor-heading-title elementor-size-default\">About us<\/h2>\t\t\t\t<\/div>\n\t\t\t\t<div class=\"elementor-element elementor-element-20dd185 elementor-widget elementor-widget-text-editor\" data-id=\"20dd185\" data-element_type=\"widget\" data-e-type=\"widget\" data-widget_type=\"text-editor.default\">\n\t\t\t\t\t\t\t\t\t<p data-start=\"126\" data-end=\"437\">We are a family business specializing in metalwork, with over three generations of experience. Over the years, we have combined tradition and knowledge passed down from generation to generation with modern techniques, offering high-quality work and customized solutions for our clients.<\/p><p data-start=\"439\" data-end=\"741\">Our commitment to excellence and attention to detail has allowed us to remain a leader in the industry, always valuing the trust our clients place in us. Each project reflects our passion for the craft and the dedication that characterizes our family.<\/p>\t\t\t\t\t\t\t\t<\/div>\n\t\t\t\t<\/div>\n\t\t\t\t\t<\/div>\n\t\t\t\t<\/div>\n\t\t<div class=\"elementor-element elementor-element-89d0bfc e-flex e-con-boxed e-con e-parent\" data-id=\"89d0bfc\" data-element_type=\"container\" data-e-type=\"container\" data-settings=\"{&quot;background_background&quot;:&quot;classic&quot;,&quot;shape_divider_top&quot;:&quot;opacity-fan&quot;,&quot;shape_divider_bottom&quot;:&quot;opacity-fan&quot;}\">\n\t\t\t\t\t<div class=\"e-con-inner\">\n\t\t\t\t<div class=\"elementor-shape elementor-shape-top\" aria-hidden=\"true\" data-negative=\"false\">\n\t\t\t<svg xmlns=\"http:\/\/www.w3.org\/2000\/svg\" viewbox=\"0 0 283.5 19.6\" preserveaspectratio=\"none\">\n\t<path class=\"elementor-shape-fill\" style=\"opacity:0.33\" d=\"M0 0L0 18.8 141.8 4.1 283.5 18.8 283.5 0z\"\/>\n\t<path class=\"elementor-shape-fill\" style=\"opacity:0.33\" d=\"M0 0L0 12.6 141.8 4 283.5 12.6 283.5 0z\"\/>\n\t<path class=\"elementor-shape-fill\" style=\"opacity:0.33\" d=\"M0 0L0 6.4 141.8 4 283.5 6.4 283.5 0z\"\/>\n\t<path class=\"elementor-shape-fill\" d=\"M0 0L0 1.2 141.8 4 283.5 1.2 283.5 0z\"\/>\n<\/svg>\t\t<\/div>\n\t\t\t\t<div class=\"elementor-shape elementor-shape-bottom\" aria-hidden=\"true\" data-negative=\"false\">\n\t\t\t<svg xmlns=\"http:\/\/www.w3.org\/2000\/svg\" viewbox=\"0 0 283.5 19.6\" preserveaspectratio=\"none\">\n\t<path class=\"elementor-shape-fill\" style=\"opacity:0.33\" d=\"M0 0L0 18.8 141.8 4.1 283.5 18.8 283.5 0z\"\/>\n\t<path class=\"elementor-shape-fill\" style=\"opacity:0.33\" d=\"M0 0L0 12.6 141.8 4 283.5 12.6 283.5 0z\"\/>\n\t<path class=\"elementor-shape-fill\" style=\"opacity:0.33\" d=\"M0 0L0 6.4 141.8 4 283.5 6.4 283.5 0z\"\/>\n\t<path class=\"elementor-shape-fill\" d=\"M0 0L0 1.2 141.8 4 283.5 1.2 283.5 0z\"\/>\n<\/svg>\t\t<\/div>\n\t\t\t\t<div class=\"elementor-element elementor-element-4d79ca7 elementor-widget elementor-widget-heading\" data-id=\"4d79ca7\" data-element_type=\"widget\" data-e-type=\"widget\" data-widget_type=\"heading.default\">\n\t\t\t\t\t<h2 class=\"elementor-heading-title elementor-size-default\">Our jobs<\/h2>\t\t\t\t<\/div>\n\t\t\t\t\t<\/div>\n\t\t\t\t<\/div>\n\t\t<div class=\"elementor-element elementor-element-7b08fca e-flex e-con-boxed e-con e-parent\" data-id=\"7b08fca\" data-element_type=\"container\" data-e-type=\"container\" data-settings=\"{&quot;background_background&quot;:&quot;classic&quot;,&quot;shape_divider_top&quot;:&quot;opacity-fan&quot;,&quot;shape_divider_bottom&quot;:&quot;opacity-fan&quot;}\">\n\t\t\t\t\t<div class=\"e-con-inner\">\n\t\t\t\t<div class=\"elementor-shape elementor-shape-top\" aria-hidden=\"true\" data-negative=\"false\">\n\t\t\t<svg xmlns=\"http:\/\/www.w3.org\/2000\/svg\" viewbox=\"0 0 283.5 19.6\" preserveaspectratio=\"none\">\n\t<path class=\"elementor-shape-fill\" style=\"opacity:0.33\" d=\"M0 0L0 18.8 141.8 4.1 283.5 18.8 283.5 0z\"\/>\n\t<path class=\"elementor-shape-fill\" style=\"opacity:0.33\" d=\"M0 0L0 12.6 141.8 4 283.5 12.6 283.5 0z\"\/>\n\t<path class=\"elementor-shape-fill\" style=\"opacity:0.33\" d=\"M0 0L0 6.4 141.8 4 283.5 6.4 283.5 0z\"\/>\n\t<path class=\"elementor-shape-fill\" d=\"M0 0L0 1.2 141.8 4 283.5 1.2 283.5 0z\"\/>\n<\/svg>\t\t<\/div>\n\t\t\t\t<div class=\"elementor-shape elementor-shape-bottom\" aria-hidden=\"true\" data-negative=\"false\">\n\t\t\t<svg xmlns=\"http:\/\/www.w3.org\/2000\/svg\" viewbox=\"0 0 283.5 19.6\" preserveaspectratio=\"none\">\n\t<path class=\"elementor-shape-fill\" style=\"opacity:0.33\" d=\"M0 0L0 18.8 141.8 4.1 283.5 18.8 283.5 0z\"\/>\n\t<path class=\"elementor-shape-fill\" style=\"opacity:0.33\" d=\"M0 0L0 12.6 141.8 4 283.5 12.6 283.5 0z\"\/>\n\t<path class=\"elementor-shape-fill\" style=\"opacity:0.33\" d=\"M0 0L0 6.4 141.8 4 283.5 6.4 283.5 0z\"\/>\n\t<path class=\"elementor-shape-fill\" d=\"M0 0L0 1.2 141.8 4 283.5 1.2 283.5 0z\"\/>\n<\/svg>\t\t<\/div>\n\t\t\t\t<div class=\"elementor-element elementor-element-1835fc0 e-transform elementor-invisible elementor-widget elementor-widget-image-carousel\" data-id=\"1835fc0\" data-element_type=\"widget\" data-e-type=\"widget\" data-settings=\"{&quot;slides_to_show&quot;:&quot;3&quot;,&quot;slides_to_show_tablet&quot;:&quot;3&quot;,&quot;navigation&quot;:&quot;none&quot;,&quot;image_spacing_custom&quot;:{&quot;unit&quot;:&quot;px&quot;,&quot;size&quot;:10,&quot;sizes&quot;:[]},&quot;_animation&quot;:&quot;slideInUp&quot;,&quot;_transform_rotateZ_effect&quot;:{&quot;unit&quot;:&quot;px&quot;,&quot;size&quot;:-360,&quot;sizes&quot;:[]},&quot;autoplay&quot;:&quot;yes&quot;,&quot;pause_on_hover&quot;:&quot;yes&quot;,&quot;pause_on_interaction&quot;:&quot;yes&quot;,&quot;autoplay_speed&quot;:5000,&quot;infinite&quot;:&quot;yes&quot;,&quot;speed&quot;:500,&quot;image_spacing_custom_tablet&quot;:{&quot;unit&quot;:&quot;px&quot;,&quot;size&quot;:&quot;&quot;,&quot;sizes&quot;:[]},&quot;image_spacing_custom_mobile&quot;:{&quot;unit&quot;:&quot;px&quot;,&quot;size&quot;:&quot;&quot;,&quot;sizes&quot;:[]},&quot;_transform_rotateZ_effect_tablet&quot;:{&quot;unit&quot;:&quot;deg&quot;,&quot;size&quot;:&quot;&quot;,&quot;sizes&quot;:[]},&quot;_transform_rotateZ_effect_mobile&quot;:{&quot;unit&quot;:&quot;deg&quot;,&quot;size&quot;:&quot;&quot;,&quot;sizes&quot;:[]}}\" data-widget_type=\"image-carousel.default\">\n\t\t\t\t\t\t\t<div class=\"elementor-image-carousel-wrapper swiper\" role=\"region\" aria-roledescription=\"carousel\" aria-label=\"Carrusel de im\u00e1genes\" dir=\"ltr\">\n\t\t\t<div class=\"elementor-image-carousel swiper-wrapper swiper-image-stretch\" aria-live=\"off\">\n\t\t\t\t\t\t\t\t<div class=\"swiper-slide\" role=\"group\" aria-roledescription=\"slide\" aria-label=\"1 de 6\"><figure class=\"swiper-slide-inner\"><img decoding=\"async\" class=\"swiper-slide-image\" src=\"https:\/\/arranzcarpinteriametalica.es\/wp-content\/uploads\/elementor\/thumbs\/564-1-scaled-rir8pfivlof626zj7xgqfo1dsbma3quv3bnud8zlwg.jpg\" alt=\"564\" \/><\/figure><\/div><div class=\"swiper-slide\" role=\"group\" aria-roledescription=\"slide\" aria-label=\"2 de 6\"><figure class=\"swiper-slide-inner\"><img decoding=\"async\" class=\"swiper-slide-image\" src=\"https:\/\/arranzcarpinteriametalica.es\/wp-content\/uploads\/elementor\/thumbs\/0123-1-scaled-rir8ovs9m5o5ads7f6xkhb0pb8bkm3oi0lynafsvj4.jpg\" alt=\"0123\" \/><\/figure><\/div><div class=\"swiper-slide\" role=\"group\" aria-roledescription=\"slide\" aria-label=\"3 de 6\"><figure class=\"swiper-slide-inner\"><img decoding=\"async\" class=\"swiper-slide-image\" src=\"https:\/\/arranzcarpinteriametalica.es\/wp-content\/uploads\/elementor\/thumbs\/564-scaled-rir8mk4mpwhml35pzorrte4ofxrwl1ge13wfkt8www.jpg\" alt=\"564\" \/><\/figure><\/div><div class=\"swiper-slide\" role=\"group\" aria-roledescription=\"slide\" aria-label=\"4 de 6\"><figure class=\"swiper-slide-inner\"><img decoding=\"async\" class=\"swiper-slide-image\" src=\"https:\/\/arranzcarpinteriametalica.es\/wp-content\/uploads\/elementor\/thumbs\/312-scaled-rir8mfffrqb6z1cjr4qmyxbdh0f2ijxqcgn06ffvs0.jpg\" alt=\"312\" \/><\/figure><\/div><div class=\"swiper-slide\" role=\"group\" aria-roledescription=\"slide\" aria-label=\"5 de 6\"><figure class=\"swiper-slide-inner\"><img decoding=\"async\" class=\"swiper-slide-image\" src=\"https:\/\/arranzcarpinteriametalica.es\/wp-content\/uploads\/elementor\/thumbs\/0123-scaled-rir8mbo30e61oli0d344oy9j3gxlnriszy129blggw.jpg\" alt=\"0123\" \/><\/figure><\/div><div class=\"swiper-slide\" role=\"group\" aria-roledescription=\"slide\" aria-label=\"6 de 6\"><figure class=\"swiper-slide-inner\"><img decoding=\"async\" class=\"swiper-slide-image\" src=\"https:\/\/arranzcarpinteriametalica.es\/wp-content\/uploads\/elementor\/thumbs\/0121-2-scaled-rir8m6yw27zm2jou4j2zuhg84jkrla05barmuxsfc0.jpg\" alt=\"0121\" \/><\/figure><\/div>\t\t\t<\/div>\n\t\t\t\t\t\t\t\n\t\t\t\t\t\t\t\t\t<\/div>\n\t\t\t\t\t\t<\/div>\n\t\t\t\t\t<\/div>\n\t\t\t\t<\/div>\n\t\t<div class=\"elementor-element elementor-element-6dd7b21 e-flex e-con-boxed e-con e-parent\" data-id=\"6dd7b21\" data-element_type=\"container\" data-e-type=\"container\" data-settings=\"{&quot;background_background&quot;:&quot;classic&quot;,&quot;shape_divider_top&quot;:&quot;opacity-tilt&quot;}\">\n\t\t\t\t\t<div class=\"e-con-inner\">\n\t\t\t\t<div class=\"elementor-shape elementor-shape-top\" aria-hidden=\"true\" data-negative=\"false\">\n\t\t\t<svg xmlns=\"http:\/\/www.w3.org\/2000\/svg\" viewbox=\"0 0 2600 131.1\" preserveaspectratio=\"none\">\n\t<path class=\"elementor-shape-fill\" d=\"M0 0L2600 0 2600 69.1 0 0z\"\/>\n\t<path class=\"elementor-shape-fill\" style=\"opacity:0.5\" d=\"M0 0L2600 0 2600 69.1 0 69.1z\"\/>\n\t<path class=\"elementor-shape-fill\" style=\"opacity:0.25\" d=\"M2600 0L0 0 0 130.1 2600 69.1z\"\/>\n<\/svg>\t\t<\/div>\n\t\t\t\t<div class=\"elementor-element elementor-element-bef212f elementor-invisible elementor-widget elementor-widget-heading\" data-id=\"bef212f\" data-element_type=\"widget\" data-e-type=\"widget\" data-settings=\"{&quot;_animation&quot;:&quot;bounce&quot;}\" data-widget_type=\"heading.default\">\n\t\t\t\t\t<h2 class=\"elementor-heading-title elementor-size-default\">We design and manufacture to your specifications<\/h2>\t\t\t\t<\/div>\n\t\t\t\t<div class=\"elementor-element elementor-element-85d35f0 elementor-align-center elementor-invisible elementor-widget elementor-widget-button\" data-id=\"85d35f0\" data-element_type=\"widget\" data-e-type=\"widget\" data-settings=\"{&quot;_animation&quot;:&quot;fadeInDown&quot;}\" data-widget_type=\"button.default\">\n\t\t\t\t\t\t\t\t\t\t<a class=\"elementor-button elementor-button-link elementor-size-sm\" href=\"\/en\/servicios\/\">\n\t\t\t\t\t\t<span class=\"elementor-button-content-wrapper\">\n\t\t\t\t\t\t\t\t\t<span class=\"elementor-button-text\">See services<\/span>\n\t\t\t\t\t<\/span>\n\t\t\t\t\t<\/a>\n\t\t\t\t\t\t\t\t<\/div>\n\t\t\t\t\t<\/div>\n\t\t\t\t<\/div>\n\t\t\t\t<\/div>","protected":false},"excerpt":{"rendered":"<p>Daniel Arranz Garc\u00eda Solidez, precisi\u00f3n y calidad en cada proyecto Sobre nosotros Somos una empresa familiar dedicada a la carpinter\u00eda met\u00e1lica, con m\u00e1s de tres generaciones de experiencia. A lo largo de los a\u00f1os, hemos combinado tradici\u00f3n y conocimientos transmitidos de padres a hijos con t\u00e9cnicas modernas, ofreciendo trabajos de alta calidad y soluciones a [&hellip;]<\/p>\n","protected":false},"author":1,"featured_media":0,"parent":0,"menu_order":0,"comment_status":"closed","ping_status":"closed","template":"elementor_canvas","meta":{"footnotes":""},"class_list":["post-2","page","type-page","status-publish","hentry"],"yoast_head":"<!-- This site is optimized with the Yoast SEO plugin v27.3 - https:\/\/yoast.com\/product\/yoast-seo-wordpress\/ -->\n<title>Inicio - Arranz Carpinter\u00eda Met\u00e1lica<\/title>\n<meta name=\"robots\" content=\"index, follow, max-snippet:-1, max-image-preview:large, max-video-preview:-1\" \/>\n<link rel=\"canonical\" href=\"https:\/\/arranzcarpinteriametalica.es\/en\/\" \/>\n<meta property=\"og:locale\" content=\"en_US\" \/>\n<meta property=\"og:type\" content=\"article\" \/>\n<meta property=\"og:title\" content=\"Inicio - Arranz Carpinter\u00eda Met\u00e1lica\" \/>\n<meta property=\"og:description\" content=\"Daniel Arranz Garc\u00eda Solidez, precisi\u00f3n y calidad en cada proyecto Sobre nosotros Somos una empresa familiar dedicada a la carpinter\u00eda met\u00e1lica, con m\u00e1s de tres generaciones de experiencia. A lo largo de los a\u00f1os, hemos combinado tradici\u00f3n y conocimientos transmitidos de padres a hijos con t\u00e9cnicas modernas, ofreciendo trabajos de alta calidad y soluciones a [&hellip;]\" \/>\n<meta property=\"og:url\" content=\"https:\/\/arranzcarpinteriametalica.es\/en\/\" \/>\n<meta property=\"og:site_name\" content=\"Arranz Carpinter\u00eda Met\u00e1lica\" \/>\n<meta property=\"article:modified_time\" content=\"2026-02-06T15:35:46+00:00\" \/>\n<meta property=\"og:image\" content=\"https:\/\/arranzcarpinteriametalica.es\/wp-content\/uploads\/2026\/02\/564-1-scaled.jpg\" \/>\n<meta name=\"twitter:card\" content=\"summary_large_image\" \/>\n<meta name=\"twitter:label1\" content=\"Est. reading time\" \/>\n\t<meta name=\"twitter:data1\" content=\"3 minutes\" \/>\n<script type=\"application\/ld+json\" class=\"yoast-schema-graph\">{\"@context\":\"https:\\\/\\\/schema.org\",\"@graph\":[{\"@type\":\"WebPage\",\"@id\":\"https:\\\/\\\/arranzcarpinteriametalica.es\\\/\",\"url\":\"https:\\\/\\\/arranzcarpinteriametalica.es\\\/\",\"name\":\"Inicio - Arranz Carpinter\u00eda Met\u00e1lica\",\"isPartOf\":{\"@id\":\"https:\\\/\\\/arranzcarpinteriametalica.es\\\/#website\"},\"primaryImageOfPage\":{\"@id\":\"https:\\\/\\\/arranzcarpinteriametalica.es\\\/#primaryimage\"},\"image\":{\"@id\":\"https:\\\/\\\/arranzcarpinteriametalica.es\\\/#primaryimage\"},\"thumbnailUrl\":\"https:\\\/\\\/arranzcarpinteriametalica.es\\\/wp-content\\\/uploads\\\/2026\\\/02\\\/564-1-scaled.jpg\",\"datePublished\":\"2025-12-04T12:14:33+00:00\",\"dateModified\":\"2026-02-06T15:35:46+00:00\",\"breadcrumb\":{\"@id\":\"https:\\\/\\\/arranzcarpinteriametalica.es\\\/#breadcrumb\"},\"inLanguage\":\"en-US\",\"potentialAction\":[{\"@type\":\"ReadAction\",\"target\":[\"https:\\\/\\\/arranzcarpinteriametalica.es\\\/\"]}]},{\"@type\":\"ImageObject\",\"inLanguage\":\"en-US\",\"@id\":\"https:\\\/\\\/arranzcarpinteriametalica.es\\\/#primaryimage\",\"url\":\"https:\\\/\\\/arranzcarpinteriametalica.es\\\/wp-content\\\/uploads\\\/2026\\\/02\\\/564-1-scaled.jpg\",\"contentUrl\":\"https:\\\/\\\/arranzcarpinteriametalica.es\\\/wp-content\\\/uploads\\\/2026\\\/02\\\/564-1-scaled.jpg\"},{\"@type\":\"BreadcrumbList\",\"@id\":\"https:\\\/\\\/arranzcarpinteriametalica.es\\\/#breadcrumb\",\"itemListElement\":[{\"@type\":\"ListItem\",\"position\":1,\"name\":\"Portada\",\"item\":\"https:\\\/\\\/arranzcarpinteriametalica.es\\\/\"},{\"@type\":\"ListItem\",\"position\":2,\"name\":\"Inicio\"}]},{\"@type\":\"WebSite\",\"@id\":\"https:\\\/\\\/arranzcarpinteriametalica.es\\\/#website\",\"url\":\"https:\\\/\\\/arranzcarpinteriametalica.es\\\/\",\"name\":\"Arranz Carpinter\u00eda Met\u00e1lica\",\"description\":\"\",\"publisher\":{\"@id\":\"https:\\\/\\\/arranzcarpinteriametalica.es\\\/#organization\"},\"potentialAction\":[{\"@type\":\"SearchAction\",\"target\":{\"@type\":\"EntryPoint\",\"urlTemplate\":\"https:\\\/\\\/arranzcarpinteriametalica.es\\\/?s={search_term_string}\"},\"query-input\":{\"@type\":\"PropertyValueSpecification\",\"valueRequired\":true,\"valueName\":\"search_term_string\"}}],\"inLanguage\":\"en-US\"},{\"@type\":\"Organization\",\"@id\":\"https:\\\/\\\/arranzcarpinteriametalica.es\\\/#organization\",\"name\":\"Arranz Carpinter\u00eda Met\u00e1lica\",\"url\":\"https:\\\/\\\/arranzcarpinteriametalica.es\\\/\",\"logo\":{\"@type\":\"ImageObject\",\"inLanguage\":\"en-US\",\"@id\":\"https:\\\/\\\/arranzcarpinteriametalica.es\\\/#\\\/schema\\\/logo\\\/image\\\/\",\"url\":\"https:\\\/\\\/arranzcarpinteriametalica.es\\\/wp-content\\\/uploads\\\/2026\\\/02\\\/cropped-danielarranzgarcia202512_logo_web.png\",\"contentUrl\":\"https:\\\/\\\/arranzcarpinteriametalica.es\\\/wp-content\\\/uploads\\\/2026\\\/02\\\/cropped-danielarranzgarcia202512_logo_web.png\",\"width\":1079,\"height\":337,\"caption\":\"Arranz Carpinter\u00eda Met\u00e1lica\"},\"image\":{\"@id\":\"https:\\\/\\\/arranzcarpinteriametalica.es\\\/#\\\/schema\\\/logo\\\/image\\\/\"}}]}<\/script>\n<!-- \/ Yoast SEO plugin. -->","yoast_head_json":{"title":"Inicio - Arranz Carpinter\u00eda Met\u00e1lica","robots":{"index":"index","follow":"follow","max-snippet":"max-snippet:-1","max-image-preview":"max-image-preview:large","max-video-preview":"max-video-preview:-1"},"canonical":"https:\/\/arranzcarpinteriametalica.es\/en\/","og_locale":"en_US","og_type":"article","og_title":"Inicio - Arranz Carpinter\u00eda Met\u00e1lica","og_description":"Daniel Arranz Garc\u00eda Solidez, precisi\u00f3n y calidad en cada proyecto Sobre nosotros Somos una empresa familiar dedicada a la carpinter\u00eda met\u00e1lica, con m\u00e1s de tres generaciones de experiencia. A lo largo de los a\u00f1os, hemos combinado tradici\u00f3n y conocimientos transmitidos de padres a hijos con t\u00e9cnicas modernas, ofreciendo trabajos de alta calidad y soluciones a [&hellip;]","og_url":"https:\/\/arranzcarpinteriametalica.es\/en\/","og_site_name":"Arranz Carpinter\u00eda Met\u00e1lica","article_modified_time":"2026-02-06T15:35:46+00:00","og_image":[{"url":"https:\/\/arranzcarpinteriametalica.es\/wp-content\/uploads\/2026\/02\/564-1-scaled.jpg","type":"","width":"","height":""}],"twitter_card":"summary_large_image","twitter_misc":{"Est. reading time":"3 minutes"},"schema":{"@context":"https:\/\/schema.org","@graph":[{"@type":"WebPage","@id":"https:\/\/arranzcarpinteriametalica.es\/","url":"https:\/\/arranzcarpinteriametalica.es\/","name":"Inicio - Arranz Carpinter\u00eda Met\u00e1lica","isPartOf":{"@id":"https:\/\/arranzcarpinteriametalica.es\/#website"},"primaryImageOfPage":{"@id":"https:\/\/arranzcarpinteriametalica.es\/#primaryimage"},"image":{"@id":"https:\/\/arranzcarpinteriametalica.es\/#primaryimage"},"thumbnailUrl":"https:\/\/arranzcarpinteriametalica.es\/wp-content\/uploads\/2026\/02\/564-1-scaled.jpg","datePublished":"2025-12-04T12:14:33+00:00","dateModified":"2026-02-06T15:35:46+00:00","breadcrumb":{"@id":"https:\/\/arranzcarpinteriametalica.es\/#breadcrumb"},"inLanguage":"en-US","potentialAction":[{"@type":"ReadAction","target":["https:\/\/arranzcarpinteriametalica.es\/"]}]},{"@type":"ImageObject","inLanguage":"en-US","@id":"https:\/\/arranzcarpinteriametalica.es\/#primaryimage","url":"https:\/\/arranzcarpinteriametalica.es\/wp-content\/uploads\/2026\/02\/564-1-scaled.jpg","contentUrl":"https:\/\/arranzcarpinteriametalica.es\/wp-content\/uploads\/2026\/02\/564-1-scaled.jpg"},{"@type":"BreadcrumbList","@id":"https:\/\/arranzcarpinteriametalica.es\/#breadcrumb","itemListElement":[{"@type":"ListItem","position":1,"name":"Portada","item":"https:\/\/arranzcarpinteriametalica.es\/"},{"@type":"ListItem","position":2,"name":"Inicio"}]},{"@type":"WebSite","@id":"https:\/\/arranzcarpinteriametalica.es\/#website","url":"https:\/\/arranzcarpinteriametalica.es\/","name":"Arranz Carpinter\u00eda Met\u00e1lica","description":"","publisher":{"@id":"https:\/\/arranzcarpinteriametalica.es\/#organization"},"potentialAction":[{"@type":"SearchAction","target":{"@type":"EntryPoint","urlTemplate":"https:\/\/arranzcarpinteriametalica.es\/?s={search_term_string}"},"query-input":{"@type":"PropertyValueSpecification","valueRequired":true,"valueName":"search_term_string"}}],"inLanguage":"en-US"},{"@type":"Organization","@id":"https:\/\/arranzcarpinteriametalica.es\/#organization","name":"Arranz Carpinter\u00eda Met\u00e1lica","url":"https:\/\/arranzcarpinteriametalica.es\/","logo":{"@type":"ImageObject","inLanguage":"en-US","@id":"https:\/\/arranzcarpinteriametalica.es\/#\/schema\/logo\/image\/","url":"https:\/\/arranzcarpinteriametalica.es\/wp-content\/uploads\/2026\/02\/cropped-danielarranzgarcia202512_logo_web.png","contentUrl":"https:\/\/arranzcarpinteriametalica.es\/wp-content\/uploads\/2026\/02\/cropped-danielarranzgarcia202512_logo_web.png","width":1079,"height":337,"caption":"Arranz Carpinter\u00eda Met\u00e1lica"},"image":{"@id":"https:\/\/arranzcarpinteriametalica.es\/#\/schema\/logo\/image\/"}}]}},"_links":{"self":[{"href":"https:\/\/arranzcarpinteriametalica.es\/en\/wp-json\/wp\/v2\/pages\/2","targetHints":{"allow":["GET"]}}],"collection":[{"href":"https:\/\/arranzcarpinteriametalica.es\/en\/wp-json\/wp\/v2\/pages"}],"about":[{"href":"https:\/\/arranzcarpinteriametalica.es\/en\/wp-json\/wp\/v2\/types\/page"}],"author":[{"embeddable":true,"href":"https:\/\/arranzcarpinteriametalica.es\/en\/wp-json\/wp\/v2\/users\/1"}],"replies":[{"embeddable":true,"href":"https:\/\/arranzcarpinteriametalica.es\/en\/wp-json\/wp\/v2\/comments?post=2"}],"version-history":[{"count":55,"href":"https:\/\/arranzcarpinteriametalica.es\/en\/wp-json\/wp\/v2\/pages\/2\/revisions"}],"predecessor-version":[{"id":271,"href":"https:\/\/arranzcarpinteriametalica.es\/en\/wp-json\/wp\/v2\/pages\/2\/revisions\/271"}],"wp:attachment":[{"href":"https:\/\/arranzcarpinteriametalica.es\/en\/wp-json\/wp\/v2\/media?parent=2"}],"curies":[{"name":"wp","href":"https:\/\/api.w.org\/{rel}","templated":true}]}}